{"id":552,"date":"2023-11-18T16:04:50","date_gmt":"2023-11-18T16:04:50","guid":{"rendered":"https:\/\/www.etkisaglik.com\/?page_id=552"},"modified":"2023-11-24T22:02:16","modified_gmt":"2023-11-24T22:02:16","slug":"ayak-ayak-bilegi","status":"publish","type":"page","link":"https:\/\/www.etkisaglik.com\/en\/ayak-ayak-bilegi\/","title":{"rendered":"FOOT &amp; ANKLE"},"content":{"rendered":"<div data-elementor-type=\"wp-page\" data-elementor-id=\"552\" class=\"elementor elementor-552\">\n\t\t\t\t<div class=\"elementor-element elementor-element-af3ecf7 e-flex e-con-boxed e-con e-parent\" data-id=\"af3ecf7\" data-element_type=\"container\" data-e-type=\"container\">\n\t\t\t\t\t<div class=\"e-con-inner\">\n\t\t<div class=\"elementor-element elementor-element-bc9f623 e-con-full e-flex e-con e-child\" data-id=\"bc9f623\" data-element_type=\"container\" data-e-type=\"container\">\n\t\t\t\t<div class=\"elementor-element elementor-element-f958906 elementor-widget elementor-widget-heading\" data-id=\"f958906\" data-element_type=\"widget\" data-e-type=\"widget\" data-widget_type=\"heading.default\">\n\t\t\t\t<div class=\"elementor-widget-container\">\n\t\t\t\t\t<h2 class=\"elementor-heading-title elementor-size-default\">FOOT &amp; ANKLE<\/h2>\t\t\t\t<\/div>\n\t\t\t\t<\/div>\n\t\t\t\t<\/div>\n\t\t<div class=\"elementor-element elementor-element-7d1ee8d e-con-full e-flex e-con e-child\" data-id=\"7d1ee8d\" data-element_type=\"container\" data-e-type=\"container\">\n\t\t\t\t<div class=\"elementor-element elementor-element-afb067d elementor-widget elementor-widget-image\" data-id=\"afb067d\" data-element_type=\"widget\" data-e-type=\"widget\" data-widget_type=\"image.default\">\n\t\t\t\t<div class=\"elementor-widget-container\">\n\t\t\t\t\t\t\t\t\t\t\t\t\t\t\t<img fetchpriority=\"high\" decoding=\"async\" width=\"1024\" height=\"320\" src=\"https:\/\/www.etkisaglik.com\/wp-content\/uploads\/2023\/11\/Ayak-Ayakbilegi-1024x320.jpg\" class=\"attachment-large size-large wp-image-1177\" alt=\"\" srcset=\"https:\/\/www.etkisaglik.com\/wp-content\/uploads\/2023\/11\/Ayak-Ayakbilegi-1024x320.jpg 1024w, https:\/\/www.etkisaglik.com\/wp-content\/uploads\/2023\/11\/Ayak-Ayakbilegi-300x94.jpg 300w, https:\/\/www.etkisaglik.com\/wp-content\/uploads\/2023\/11\/Ayak-Ayakbilegi-768x240.jpg 768w, https:\/\/www.etkisaglik.com\/wp-content\/uploads\/2023\/11\/Ayak-Ayakbilegi-1536x480.jpg 1536w, https:\/\/www.etkisaglik.com\/wp-content\/uploads\/2023\/11\/Ayak-Ayakbilegi-18x6.jpg 18w, https:\/\/www.etkisaglik.com\/wp-content\/uploads\/2023\/11\/Ayak-Ayakbilegi.jpg 1736w\" sizes=\"(max-width: 1024px) 100vw, 1024px\" \/>\t\t\t\t\t\t\t\t\t\t\t\t\t\t\t<\/div>\n\t\t\t\t<\/div>\n\t\t\t\t<\/div>\n\t\t\t\t\t<\/div>\n\t\t\t\t<\/div>\n\t\t<div class=\"elementor-element elementor-element-b99dcfa e-flex e-con-boxed e-con e-parent\" data-id=\"b99dcfa\" data-element_type=\"container\" data-e-type=\"container\" data-settings=\"{&quot;background_background&quot;:&quot;classic&quot;}\">\n\t\t\t\t\t<div class=\"e-con-inner\">\n\t\t\t\t<div class=\"elementor-element elementor-element-f5d5575 elementor-widget elementor-widget-spacer\" data-id=\"f5d5575\" data-element_type=\"widget\" data-e-type=\"widget\" data-widget_type=\"spacer.default\">\n\t\t\t\t<div class=\"elementor-widget-container\">\n\t\t\t\t\t\t\t<div class=\"elementor-spacer\">\n\t\t\t<div class=\"elementor-spacer-inner\"><\/div>\n\t\t<\/div>\n\t\t\t\t\t\t<\/div>\n\t\t\t\t<\/div>\n\t\t\t\t\t<\/div>\n\t\t\t\t<\/div>\n\t\t<div class=\"elementor-element elementor-element-69bb6ad e-flex e-con-boxed e-con e-parent\" data-id=\"69bb6ad\" data-element_type=\"container\" data-e-type=\"container\" data-settings=\"{&quot;background_background&quot;:&quot;classic&quot;}\">\n\t\t\t\t\t<div class=\"e-con-inner\">\n\t\t\t\t<div class=\"elementor-element elementor-element-be7b52a elementor-grid-eael-col-4 elementor-grid-tablet-eael-col-2 elementor-grid-mobile-eael-col-1 elementor-widget elementor-widget-eael-post-grid\" data-id=\"be7b52a\" data-element_type=\"widget\" data-e-type=\"widget\" data-settings=\"{&quot;eael_post_grid_columns&quot;:&quot;eael-col-4&quot;,&quot;eael_post_grid_columns_tablet&quot;:&quot;eael-col-2&quot;,&quot;eael_post_grid_columns_mobile&quot;:&quot;eael-col-1&quot;}\" data-widget_type=\"eael-post-grid.default\">\n\t\t\t\t<div class=\"elementor-widget-container\">\n\t\t\t\t\t<div id=\"eael-post-grid-be7b52a\" class=\"eael-post-grid-container\">\n            <div class=\"eael-post-grid eael-post-appender eael-post-appender-be7b52a eael-post-grid-style-one\" data-layout-mode=\"grid\"><article class=\"eael-grid-post  eael-post-grid-column eael-pg-post-1662 category-ayak-ayak-bilegi\" data-id=\"1662\">\n        <div class=\"eael-grid-post-holder\">\n            <div class=\"eael-grid-post-holder-inner\"><div class=\"eael-entry-media\"><div class=\"eael-entry-overlay fade-in\"><i class=\"fas fa-long-arrow-alt-right\" aria-hidden=\"true\"><\/i><a href=\"https:\/\/www.etkisaglik.com\/en\/step-ankle-ayak-bilegi-plaklari\/\"><\/a><\/div><div class=\"eael-entry-thumbnail eael-image-ratio\">\n                <img decoding=\"async\" width=\"300\" height=\"225\" src=\"https:\/\/www.etkisaglik.com\/wp-content\/uploads\/2023\/12\/KAPAK-Product-_STEP_Ankle_Plating_System-300x225.png\" class=\"attachment-medium size-medium wp-image-1663\" alt=\"\" srcset=\"https:\/\/www.etkisaglik.com\/wp-content\/uploads\/2023\/12\/KAPAK-Product-_STEP_Ankle_Plating_System-300x225.png 300w, https:\/\/www.etkisaglik.com\/wp-content\/uploads\/2023\/12\/KAPAK-Product-_STEP_Ankle_Plating_System-16x12.png 16w, https:\/\/www.etkisaglik.com\/wp-content\/uploads\/2023\/12\/KAPAK-Product-_STEP_Ankle_Plating_System.png 600w\" sizes=\"(max-width: 300px) 100vw, 300px\" \/>\n            <\/div>\n        <\/div><div class=\"eael-entry-wrapper\"><header class=\"eael-entry-header\"><h2 class=\"eael-entry-title\"><a class=\"eael-grid-post-link\" href=\"https:\/\/www.etkisaglik.com\/en\/step-ankle-ayak-bilegi-plaklari\/\" title=\"STEP Ankle Fracture Plating System\">STEP Ankle Fracture Plating System<\/a><\/h2><\/header><\/div><\/div>\n        <\/div>\n    <\/article><article class=\"eael-grid-post  eael-post-grid-column eael-pg-post-850 category-ayak-ayak-bilegi\" data-id=\"850\">\n        <div class=\"eael-grid-post-holder\">\n            <div class=\"eael-grid-post-holder-inner\"><div class=\"eael-entry-media\"><div class=\"eael-entry-overlay fade-in\"><i class=\"fas fa-long-arrow-alt-right\" aria-hidden=\"true\"><\/i><a href=\"https:\/\/www.etkisaglik.com\/en\/true-lock-distal-tibia-anterior-plak\/\"><\/a><\/div><div class=\"eael-entry-thumbnail eael-image-ratio\">\n                <img decoding=\"async\" width=\"300\" height=\"225\" src=\"https:\/\/www.etkisaglik.com\/wp-content\/uploads\/2023\/11\/orta_anteript-1-300x225.png\" class=\"attachment-medium size-medium wp-image-851\" alt=\"\" srcset=\"https:\/\/www.etkisaglik.com\/wp-content\/uploads\/2023\/11\/orta_anteript-1-300x225.png 300w, https:\/\/www.etkisaglik.com\/wp-content\/uploads\/2023\/11\/orta_anteript-1-16x12.png 16w, https:\/\/www.etkisaglik.com\/wp-content\/uploads\/2023\/11\/orta_anteript-1.png 600w\" sizes=\"(max-width: 300px) 100vw, 300px\" \/>\n            <\/div>\n        <\/div><div class=\"eael-entry-wrapper\"><header class=\"eael-entry-header\"><h2 class=\"eael-entry-title\"><a class=\"eael-grid-post-link\" href=\"https:\/\/www.etkisaglik.com\/en\/true-lock-distal-tibia-anterior-plak\/\" title=\"TRUE LOCK Distal Tibia Anterior Plate\">TRUE LOCK Distal Tibia Anterior Plate<\/a><\/h2><\/header><\/div><\/div>\n        <\/div>\n    <\/article><article class=\"eael-grid-post  eael-post-grid-column eael-pg-post-839 category-ayak-ayak-bilegi\" data-id=\"839\">\n        <div class=\"eael-grid-post-holder\">\n            <div class=\"eael-grid-post-holder-inner\"><div class=\"eael-entry-media\"><div class=\"eael-entry-overlay fade-in\"><i class=\"fas fa-long-arrow-alt-right\" aria-hidden=\"true\"><\/i><a href=\"https:\/\/www.etkisaglik.com\/en\/true-lock-distal-fibula-posterolateral-anatomik-plak\/\"><\/a><\/div><div class=\"eael-entry-thumbnail eael-image-ratio\">\n                <img loading=\"lazy\" decoding=\"async\" width=\"300\" height=\"225\" src=\"https:\/\/www.etkisaglik.com\/wp-content\/uploads\/2023\/11\/orta_3_3-300x225.png\" class=\"attachment-medium size-medium wp-image-845\" alt=\"\" srcset=\"https:\/\/www.etkisaglik.com\/wp-content\/uploads\/2023\/11\/orta_3_3-300x225.png 300w, https:\/\/www.etkisaglik.com\/wp-content\/uploads\/2023\/11\/orta_3_3-16x12.png 16w, https:\/\/www.etkisaglik.com\/wp-content\/uploads\/2023\/11\/orta_3_3.png 600w\" sizes=\"(max-width: 300px) 100vw, 300px\" \/>\n            <\/div>\n        <\/div><div class=\"eael-entry-wrapper\"><header class=\"eael-entry-header\"><h2 class=\"eael-entry-title\"><a class=\"eael-grid-post-link\" href=\"https:\/\/www.etkisaglik.com\/en\/true-lock-distal-fibula-posterolateral-anatomik-plak\/\" title=\"TRUE LOCK Distal Fibula Posterolateral Anatomic Plate\">TRUE LOCK Distal Fibula Posterolateral Anatomic Plate<\/a><\/h2><\/header><\/div><\/div>\n        <\/div>\n    <\/article><article class=\"eael-grid-post  eael-post-grid-column eael-pg-post-829 category-ayak-ayak-bilegi\" data-id=\"829\">\n        <div class=\"eael-grid-post-holder\">\n            <div class=\"eael-grid-post-holder-inner\"><div class=\"eael-entry-media\"><div class=\"eael-entry-overlay fade-in\"><i class=\"fas fa-long-arrow-alt-right\" aria-hidden=\"true\"><\/i><a href=\"https:\/\/www.etkisaglik.com\/en\/true-lock-kalkaneus-plak\/\"><\/a><\/div><div class=\"eael-entry-thumbnail eael-image-ratio\">\n                <img loading=\"lazy\" decoding=\"async\" width=\"300\" height=\"225\" src=\"https:\/\/www.etkisaglik.com\/wp-content\/uploads\/2023\/11\/orta_1_6-300x225.png\" class=\"attachment-medium size-medium wp-image-830\" alt=\"\" srcset=\"https:\/\/www.etkisaglik.com\/wp-content\/uploads\/2023\/11\/orta_1_6-300x225.png 300w, https:\/\/www.etkisaglik.com\/wp-content\/uploads\/2023\/11\/orta_1_6-16x12.png 16w, https:\/\/www.etkisaglik.com\/wp-content\/uploads\/2023\/11\/orta_1_6.png 600w\" sizes=\"(max-width: 300px) 100vw, 300px\" \/>\n            <\/div>\n        <\/div><div class=\"eael-entry-wrapper\"><header class=\"eael-entry-header\"><h2 class=\"eael-entry-title\"><a class=\"eael-grid-post-link\" href=\"https:\/\/www.etkisaglik.com\/en\/true-lock-kalkaneus-plak\/\" title=\"TRUE LOCK Calcaneus Plate\">TRUE LOCK Calcaneus Plate<\/a><\/h2><\/header><\/div><\/div>\n        <\/div>\n    <\/article><article class=\"eael-grid-post  eael-post-grid-column eael-pg-post-820 category-ayak-ayak-bilegi\" data-id=\"820\">\n        <div class=\"eael-grid-post-holder\">\n            <div class=\"eael-grid-post-holder-inner\"><div class=\"eael-entry-media\"><div class=\"eael-entry-overlay fade-in\"><i class=\"fas fa-long-arrow-alt-right\" aria-hidden=\"true\"><\/i><a href=\"https:\/\/www.etkisaglik.com\/en\/true-lock-distal-tibia-medial-malleolar-plak\/\"><\/a><\/div><div class=\"eael-entry-thumbnail eael-image-ratio\">\n                <img loading=\"lazy\" decoding=\"async\" width=\"300\" height=\"225\" src=\"https:\/\/www.etkisaglik.com\/wp-content\/uploads\/2023\/11\/orta_3_2-300x225.png\" class=\"attachment-medium size-medium wp-image-821\" alt=\"\" srcset=\"https:\/\/www.etkisaglik.com\/wp-content\/uploads\/2023\/11\/orta_3_2-300x225.png 300w, https:\/\/www.etkisaglik.com\/wp-content\/uploads\/2023\/11\/orta_3_2-16x12.png 16w, https:\/\/www.etkisaglik.com\/wp-content\/uploads\/2023\/11\/orta_3_2.png 600w\" sizes=\"(max-width: 300px) 100vw, 300px\" \/>\n            <\/div>\n        <\/div><div class=\"eael-entry-wrapper\"><header class=\"eael-entry-header\"><h2 class=\"eael-entry-title\"><a class=\"eael-grid-post-link\" href=\"https:\/\/www.etkisaglik.com\/en\/true-lock-distal-tibia-medial-malleolar-plak\/\" title=\"TRUE LOCK Distal Tibia Medial Malleolar Plate\">TRUE LOCK Distal Tibia Medial Malleolar Plate<\/a><\/h2><\/header><\/div><\/div>\n        <\/div>\n    <\/article><article class=\"eael-grid-post  eael-post-grid-column eael-pg-post-811 category-ayak-ayak-bilegi\" data-id=\"811\">\n        <div class=\"eael-grid-post-holder\">\n            <div class=\"eael-grid-post-holder-inner\"><div class=\"eael-entry-media\"><div class=\"eael-entry-overlay fade-in\"><i class=\"fas fa-long-arrow-alt-right\" aria-hidden=\"true\"><\/i><a href=\"https:\/\/www.etkisaglik.com\/en\/true-lock-distal-tibia-anterolateral-anatomik-plak\/\"><\/a><\/div><div class=\"eael-entry-thumbnail eael-image-ratio\">\n                <img loading=\"lazy\" decoding=\"async\" width=\"300\" height=\"225\" src=\"https:\/\/www.etkisaglik.com\/wp-content\/uploads\/2023\/11\/orta_1_5-300x225.png\" class=\"attachment-medium size-medium wp-image-812\" alt=\"\" srcset=\"https:\/\/www.etkisaglik.com\/wp-content\/uploads\/2023\/11\/orta_1_5-300x225.png 300w, https:\/\/www.etkisaglik.com\/wp-content\/uploads\/2023\/11\/orta_1_5-16x12.png 16w, https:\/\/www.etkisaglik.com\/wp-content\/uploads\/2023\/11\/orta_1_5.png 600w\" sizes=\"(max-width: 300px) 100vw, 300px\" \/>\n            <\/div>\n        <\/div><div class=\"eael-entry-wrapper\"><header class=\"eael-entry-header\"><h2 class=\"eael-entry-title\"><a class=\"eael-grid-post-link\" href=\"https:\/\/www.etkisaglik.com\/en\/true-lock-distal-tibia-anterolateral-anatomik-plak\/\" title=\"TRUE LOCK Distal Tibia Anterolateral Anatomic Plate\">TRUE LOCK Distal Tibia Anterolateral Anatomic Plate<\/a><\/h2><\/header><\/div><\/div>\n        <\/div>\n    <\/article><article class=\"eael-grid-post  eael-post-grid-column eael-pg-post-803 category-ayak-ayak-bilegi\" data-id=\"803\">\n        <div class=\"eael-grid-post-holder\">\n            <div class=\"eael-grid-post-holder-inner\"><div class=\"eael-entry-media\"><div class=\"eael-entry-overlay fade-in\"><i class=\"fas fa-long-arrow-alt-right\" aria-hidden=\"true\"><\/i><a href=\"https:\/\/www.etkisaglik.com\/en\/true-lock-pilon-plak\/\"><\/a><\/div><div class=\"eael-entry-thumbnail eael-image-ratio\">\n                <img loading=\"lazy\" decoding=\"async\" width=\"300\" height=\"225\" src=\"https:\/\/www.etkisaglik.com\/wp-content\/uploads\/2023\/11\/orta_5_1-300x225.png\" class=\"attachment-medium size-medium wp-image-804\" alt=\"\" srcset=\"https:\/\/www.etkisaglik.com\/wp-content\/uploads\/2023\/11\/orta_5_1-300x225.png 300w, https:\/\/www.etkisaglik.com\/wp-content\/uploads\/2023\/11\/orta_5_1-16x12.png 16w, https:\/\/www.etkisaglik.com\/wp-content\/uploads\/2023\/11\/orta_5_1.png 600w\" sizes=\"(max-width: 300px) 100vw, 300px\" \/>\n            <\/div>\n        <\/div><div class=\"eael-entry-wrapper\"><header class=\"eael-entry-header\"><h2 class=\"eael-entry-title\"><a class=\"eael-grid-post-link\" href=\"https:\/\/www.etkisaglik.com\/en\/true-lock-pilon-plak\/\" title=\"TRUE LOCK Pilon Plate\">TRUE LOCK Pilon Plate<\/a><\/h2><\/header><\/div><\/div>\n        <\/div>\n    <\/article><article class=\"eael-grid-post  eael-post-grid-column eael-pg-post-792 category-ayak-ayak-bilegi\" data-id=\"792\">\n        <div class=\"eael-grid-post-holder\">\n            <div class=\"eael-grid-post-holder-inner\"><div class=\"eael-entry-media\"><div class=\"eael-entry-overlay fade-in\"><i class=\"fas fa-long-arrow-alt-right\" aria-hidden=\"true\"><\/i><a href=\"https:\/\/www.etkisaglik.com\/en\/true-lock-distal-fibula-plak\/\"><\/a><\/div><div class=\"eael-entry-thumbnail eael-image-ratio\">\n                <img loading=\"lazy\" decoding=\"async\" width=\"300\" height=\"225\" src=\"https:\/\/www.etkisaglik.com\/wp-content\/uploads\/2023\/11\/orta_1_3-300x225.png\" class=\"attachment-medium size-medium wp-image-644\" alt=\"\" srcset=\"https:\/\/www.etkisaglik.com\/wp-content\/uploads\/2023\/11\/orta_1_3-300x225.png 300w, https:\/\/www.etkisaglik.com\/wp-content\/uploads\/2023\/11\/orta_1_3-16x12.png 16w, https:\/\/www.etkisaglik.com\/wp-content\/uploads\/2023\/11\/orta_1_3.png 600w\" sizes=\"(max-width: 300px) 100vw, 300px\" \/>\n            <\/div>\n        <\/div><div class=\"eael-entry-wrapper\"><header class=\"eael-entry-header\"><h2 class=\"eael-entry-title\"><a class=\"eael-grid-post-link\" href=\"https:\/\/www.etkisaglik.com\/en\/true-lock-distal-fibula-plak\/\" title=\"TRUE LOCK Distal Fibula Plate\">TRUE LOCK Distal Fibula Plate<\/a><\/h2><\/header><\/div><\/div>\n        <\/div>\n    <\/article><article class=\"eael-grid-post  eael-post-grid-column eael-pg-post-713 category-ayak-ayak-bilegi\" data-id=\"713\">\n        <div class=\"eael-grid-post-holder\">\n            <div class=\"eael-grid-post-holder-inner\"><div class=\"eael-entry-media\"><div class=\"eael-entry-overlay fade-in\"><i class=\"fas fa-long-arrow-alt-right\" aria-hidden=\"true\"><\/i><a href=\"https:\/\/www.etkisaglik.com\/en\/true-lock-distal-tibia-medial-anatomik-plak\/\"><\/a><\/div><div class=\"eael-entry-thumbnail eael-image-ratio\">\n                <img loading=\"lazy\" decoding=\"async\" width=\"300\" height=\"225\" src=\"https:\/\/www.etkisaglik.com\/wp-content\/uploads\/2023\/11\/orta_1_1-300x225.png\" class=\"attachment-medium size-medium wp-image-558\" alt=\"\" srcset=\"https:\/\/www.etkisaglik.com\/wp-content\/uploads\/2023\/11\/orta_1_1-300x225.png 300w, https:\/\/www.etkisaglik.com\/wp-content\/uploads\/2023\/11\/orta_1_1-16x12.png 16w, https:\/\/www.etkisaglik.com\/wp-content\/uploads\/2023\/11\/orta_1_1.png 600w\" sizes=\"(max-width: 300px) 100vw, 300px\" \/>\n            <\/div>\n        <\/div><div class=\"eael-entry-wrapper\"><header class=\"eael-entry-header\"><h2 class=\"eael-entry-title\"><a class=\"eael-grid-post-link\" href=\"https:\/\/www.etkisaglik.com\/en\/true-lock-distal-tibia-medial-anatomik-plak\/\" title=\"TRUE LOCK Distal Tibia Medial Anatomic Plate\">TRUE LOCK Distal Tibia Medial Anatomic Plate<\/a><\/h2><\/header><\/div><\/div>\n        <\/div>\n    <\/article><\/div>\n            <div class=\"clearfix\"><\/div>\n        <\/div>\t\t\t\t<\/div>\n\t\t\t\t<\/div>\n\t\t\t\t\t<\/div>\n\t\t\t\t<\/div>\n\t\t<div class=\"elementor-element elementor-element-a6fe52a e-flex e-con-boxed e-con e-parent\" data-id=\"a6fe52a\" data-element_type=\"container\" data-e-type=\"container\" data-settings=\"{&quot;background_background&quot;:&quot;classic&quot;}\">\n\t\t\t\t\t<div class=\"e-con-inner\">\n\t\t\t\t<div class=\"elementor-element elementor-element-d6af3f2 elementor-widget elementor-widget-spacer\" data-id=\"d6af3f2\" data-element_type=\"widget\" data-e-type=\"widget\" data-widget_type=\"spacer.default\">\n\t\t\t\t<div class=\"elementor-widget-container\">\n\t\t\t\t\t\t\t<div class=\"elementor-spacer\">\n\t\t\t<div class=\"elementor-spacer-inner\"><\/div>\n\t\t<\/div>\n\t\t\t\t\t\t<\/div>\n\t\t\t\t<\/div>\n\t\t\t\t\t<\/div>\n\t\t\t\t<\/div>\n\t\t\t\t<\/div>","protected":false},"excerpt":{"rendered":"<p>AYAK &#038; AYAK B\u0130LE\u011e\u0130 TRUE LOCK Distal Tibia Anterior Plak TRUE LOCK Distal Fibula Posterolateral Anatomik Plak TRUE LOCK Kalkaneus Plak TRUE LOCK Distal Tibia Medial Malleolar Plak TRUE LOCK Distal Tibia Anterolateral Anatomik Plak TRUE LOCK Pilon Plak TRUE LOCK Distal Fibula Plak TRUE LOCK Distal Tibia Medial Anatomik Plak<\/p>","protected":false},"author":1,"featured_media":0,"parent":0,"menu_order":0,"comment_status":"closed","ping_status":"closed","template":"page-templates\/template-pagebuilder-full-width.php","meta":{"neve_meta_sidebar":"","neve_meta_container":"","neve_meta_enable_content_width":"","neve_meta_content_width":0,"neve_meta_title_alignment":"","neve_meta_author_avatar":"","neve_post_elements_order":"","neve_meta_disable_header":"","neve_meta_disable_footer":"","neve_meta_disable_title":"","footnotes":""},"class_list":["post-552","page","type-page","status-publish","hentry"],"_links":{"self":[{"href":"https:\/\/www.etkisaglik.com\/en\/wp-json\/wp\/v2\/pages\/552","targetHints":{"allow":["GET"]}}],"collection":[{"href":"https:\/\/www.etkisaglik.com\/en\/wp-json\/wp\/v2\/pages"}],"about":[{"href":"https:\/\/www.etkisaglik.com\/en\/wp-json\/wp\/v2\/types\/page"}],"author":[{"embeddable":true,"href":"https:\/\/www.etkisaglik.com\/en\/wp-json\/wp\/v2\/users\/1"}],"replies":[{"embeddable":true,"href":"https:\/\/www.etkisaglik.com\/en\/wp-json\/wp\/v2\/comments?post=552"}],"version-history":[{"count":22,"href":"https:\/\/www.etkisaglik.com\/en\/wp-json\/wp\/v2\/pages\/552\/revisions"}],"predecessor-version":[{"id":1220,"href":"https:\/\/www.etkisaglik.com\/en\/wp-json\/wp\/v2\/pages\/552\/revisions\/1220"}],"wp:attachment":[{"href":"https:\/\/www.etkisaglik.com\/en\/wp-json\/wp\/v2\/media?parent=552"}],"curies":[{"name":"wp","href":"https:\/\/api.w.org\/{rel}","templated":true}]}}