{"id":613,"date":"2023-11-18T16:26:53","date_gmt":"2023-11-18T16:26:53","guid":{"rendered":"https:\/\/www.etkisaglik.com\/?page_id=613"},"modified":"2023-12-08T11:45:43","modified_gmt":"2023-12-08T11:45:43","slug":"hakkimizda","status":"publish","type":"page","link":"https:\/\/www.etkisaglik.com\/en\/hakkimizda\/","title":{"rendered":"ABOUT US"},"content":{"rendered":"<div data-elementor-type=\"wp-page\" data-elementor-id=\"613\" class=\"elementor elementor-613\">\n\t\t\t\t<div class=\"elementor-element elementor-element-d48df06 e-flex e-con-boxed e-con e-parent\" data-id=\"d48df06\" data-element_type=\"container\" data-e-type=\"container\" data-settings=\"{&quot;background_background&quot;:&quot;classic&quot;}\">\n\t\t\t\t\t<div class=\"e-con-inner\">\n\t\t\t\t<div class=\"elementor-element elementor-element-386499e elementor-widget elementor-widget-spacer\" data-id=\"386499e\" data-element_type=\"widget\" data-e-type=\"widget\" data-widget_type=\"spacer.default\">\n\t\t\t\t<div class=\"elementor-widget-container\">\n\t\t\t\t\t\t\t<div class=\"elementor-spacer\">\n\t\t\t<div class=\"elementor-spacer-inner\"><\/div>\n\t\t<\/div>\n\t\t\t\t\t\t<\/div>\n\t\t\t\t<\/div>\n\t\t\t\t<div class=\"elementor-element elementor-element-967f559 elementor-widget elementor-widget-spacer\" data-id=\"967f559\" data-element_type=\"widget\" data-e-type=\"widget\" data-widget_type=\"spacer.default\">\n\t\t\t\t<div class=\"elementor-widget-container\">\n\t\t\t\t\t\t\t<div class=\"elementor-spacer\">\n\t\t\t<div class=\"elementor-spacer-inner\"><\/div>\n\t\t<\/div>\n\t\t\t\t\t\t<\/div>\n\t\t\t\t<\/div>\n\t\t\t\t\t<\/div>\n\t\t\t\t<\/div>\n\t\t<div class=\"elementor-element elementor-element-aab607e e-flex e-con-boxed e-con e-parent\" data-id=\"aab607e\" data-element_type=\"container\" data-e-type=\"container\">\n\t\t\t\t\t<div class=\"e-con-inner\">\n\t\t\t\t<div class=\"elementor-element elementor-element-82b3472 elementor-widget elementor-widget-spacer\" data-id=\"82b3472\" data-element_type=\"widget\" data-e-type=\"widget\" data-widget_type=\"spacer.default\">\n\t\t\t\t<div class=\"elementor-widget-container\">\n\t\t\t\t\t\t\t<div class=\"elementor-spacer\">\n\t\t\t<div class=\"elementor-spacer-inner\"><\/div>\n\t\t<\/div>\n\t\t\t\t\t\t<\/div>\n\t\t\t\t<\/div>\n\t\t\t\t<div class=\"elementor-element elementor-element-9bc410e elementor-widget elementor-widget-text-editor\" data-id=\"9bc410e\" data-element_type=\"widget\" data-e-type=\"widget\" data-widget_type=\"text-editor.default\">\n\t\t\t\t<div class=\"elementor-widget-container\">\n\t\t\t\t\t\t\t\t\t<p>Etki Sa\u011fl\u0131k \u00dcr\u00fcnleri Pazarlama Limited \u015eirketi was established in 2018 with 25 years of industry experience and is in a leading position in the sector in the Aegean region. The strong foundations of our company, combined with our long-term experience, aim to provide comprehensive and effective solutions to customers' health needs by offering solutions with orthopedics, traumatology products and regenerative therapy products. By prioritizing customer satisfaction, we continue our vision of providing effective and reliable solutions in the healthcare industry.<\/p>\n<p><strong>Our Mission<\/strong><br>Etki Health has the mission of selling beneficial and proactive products to the medical device industry. We strive to create an organization that is committed to total quality in our sales process and engages only in ethical sales. Above all, we strive to create an organization that provides affordable medical devices that heal patients worldwide and improve their quality of life.<\/p>\n<p><strong>Our Vision<\/strong><br>Our vision and that of our ever-growing sales network are largely based on the first patient. We also strongly believe in the idea of \u200b\u200blistening to our customers and understanding the needs of the market, sensitivity and willingness to constantly improve the products we offer. All our work is done with this clear, concise vision in mind. By doing this, we hope to remain true to ourselves by continuing to put patients first, as well as produce products that meet and exceed the demands of an increasingly complex market around the world.<\/p>\t\t\t\t\t\t\t\t<\/div>\n\t\t\t\t<\/div>\n\t\t\t\t<div class=\"elementor-element elementor-element-9957d5d elementor-widget elementor-widget-spacer\" data-id=\"9957d5d\" data-element_type=\"widget\" data-e-type=\"widget\" data-widget_type=\"spacer.default\">\n\t\t\t\t<div class=\"elementor-widget-container\">\n\t\t\t\t\t\t\t<div class=\"elementor-spacer\">\n\t\t\t<div class=\"elementor-spacer-inner\"><\/div>\n\t\t<\/div>\n\t\t\t\t\t\t<\/div>\n\t\t\t\t<\/div>\n\t\t\t\t\t<\/div>\n\t\t\t\t<\/div>\n\t\t\t\t<\/div>","protected":false},"excerpt":{"rendered":"<p>Etki Sa\u011fl\u0131k \u00dcr\u00fcnleri Pazarlama Limited \u015eirketi, 25 y\u0131ll\u0131k sekt\u00f6r tecr\u00fcbesi ile 2018 y\u0131l\u0131nda kurulmu\u015f olup, Ege b\u00f6lgesinde sekt\u00f6rde \u00f6nc\u00fc bir konumda yer almaktad\u0131r. Uzun s\u00fcreli deneyimimizle birle\u015fen \u015firketimizin g\u00fc\u00e7l\u00fc temelleri, ortopedi, travmatoloji \u00fcr\u00fcnleri ve rejeneretif tedavi \u00fcr\u00fcnleri ile \u00e7\u00f6z\u00fcmler sunarak m\u00fc\u015fterilerin sa\u011fl\u0131k ihtiya\u00e7lar\u0131na kapsaml\u0131 ve etkili \u00e7\u00f6z\u00fcmler sunmay\u0131 ama\u00e7lamaktad\u0131r. M\u00fc\u015fteri memnuniyetini \u00f6n planda tutarak, sa\u011fl\u0131k&hellip;&nbsp;<a href=\"https:\/\/www.etkisaglik.com\/en\/hakkimizda\/\" class=\"\" rel=\"bookmark\">Read More &raquo;<span class=\"screen-reader-text\">ABOUT US<\/span><\/a><\/p>","protected":false},"author":1,"featured_media":0,"parent":0,"menu_order":0,"comment_status":"closed","ping_status":"closed","template":"page-templates\/template-pagebuilder-full-width.php","meta":{"neve_meta_sidebar":"","neve_meta_container":"","neve_meta_enable_content_width":"","neve_meta_content_width":0,"neve_meta_title_alignment":"","neve_meta_author_avatar":"","neve_post_elements_order":"","neve_meta_disable_header":"","neve_meta_disable_footer":"","neve_meta_disable_title":"","footnotes":""},"class_list":["post-613","page","type-page","status-publish","hentry"],"_links":{"self":[{"href":"https:\/\/www.etkisaglik.com\/en\/wp-json\/wp\/v2\/pages\/613","targetHints":{"allow":["GET"]}}],"collection":[{"href":"https:\/\/www.etkisaglik.com\/en\/wp-json\/wp\/v2\/pages"}],"about":[{"href":"https:\/\/www.etkisaglik.com\/en\/wp-json\/wp\/v2\/types\/page"}],"author":[{"embeddable":true,"href":"https:\/\/www.etkisaglik.com\/en\/wp-json\/wp\/v2\/users\/1"}],"replies":[{"embeddable":true,"href":"https:\/\/www.etkisaglik.com\/en\/wp-json\/wp\/v2\/comments?post=613"}],"version-history":[{"count":25,"href":"https:\/\/www.etkisaglik.com\/en\/wp-json\/wp\/v2\/pages\/613\/revisions"}],"predecessor-version":[{"id":2121,"href":"https:\/\/www.etkisaglik.com\/en\/wp-json\/wp\/v2\/pages\/613\/revisions\/2121"}],"wp:attachment":[{"href":"https:\/\/www.etkisaglik.com\/en\/wp-json\/wp\/v2\/media?parent=613"}],"curies":[{"name":"wp","href":"https:\/\/api.w.org\/{rel}","templated":true}]}}